{"id":12379,"date":"2017-02-15T07:59:06","date_gmt":"2017-02-15T06:59:06","guid":{"rendered":"https:\/\/stage.gjende.no\/?page_id=12379\/"},"modified":"2022-09-03T16:12:46","modified_gmt":"2022-09-03T14:12:46","slug":"familienbetrieb-seit-uber-100-jahren","status":"publish","type":"page","link":"https:\/\/gjende.no\/de\/familienbetrieb-seit-uber-100-jahren\/","title":{"rendered":"Familienbetrieb seit \u00fcber 100 Jahren"},"content":{"rendered":"<p>Harald \u00d8vstedal ist in V\u00e5g\u00e5 am Gjendesee geboren und aufgewachsen. Quasi mit der Muttermilch hat der die Schifffahrt eingesogen. Mit dem Schnuller hat er aufgeh\u00f6rt, als dieser vom alten Holzschiff ins Wasser gefallen ist. Mit seinem charakteristischen Gang, seinem dunklen Bart und seiner hochgewachsenen Statur ist er leicht zu erkennen. Harald \u00d8vstedal ist Zimmermann im eigenen Betrieb, in dem er im Winter arbeitet.<\/p>\n<p>Johann und Iver sind die beiden S\u00f6hne von Harald. Die beiden sind oft auf dem Anleger und den Schiffen zu sehen. Au\u00dferdem ist Johan oft im Boot und Iver mit dem Roller unterwegs. Der Hund Kaia ist der Mittelpunkt der Familie. Er ist immer zur Stelle, wenn etwas los ist.<\/p>\n<p>Herzlich willkommen bei uns!<\/p>\n","protected":false},"excerpt":{"rendered":"<p>Harald \u00d8vstedal ist in V\u00e5g\u00e5 am Gjendesee geboren und aufgewachsen. Quasi mit der Muttermilch hat der die Schifffahrt eingesogen. Mit dem Schnuller hat er aufgeh\u00f6rt, als dieser vom alten Holzschiff ins Wasser gefallen ist. Mit seinem charakteristischen Gang, seinem dunklen Bart und seiner hochgewachsenen Statur ist er leicht zu erkennen. Harald \u00d8vstedal ist Zimmermann im [&hellip;]<\/p>\n","protected":false},"author":1,"featured_media":129730,"parent":0,"menu_order":0,"comment_status":"open","ping_status":"open","template":"","meta":{"_acf_changed":false,"footnotes":""},"class_list":["post-12379","page","type-page","status-publish","has-post-thumbnail","hentry"],"acf":[],"yoast_head":"<!-- This site is optimized with the Yoast SEO plugin v27.3 - https:\/\/yoast.com\/product\/yoast-seo-wordpress\/ -->\n<title>Familienbetrieb seit \u00fcber 100 Jahren - Gjendeb\u00e5tene<\/title>\n<meta name=\"description\" content=\"Seitdem Ole \u00d8vstedal am 1. Juli 1906 zu seiner ersten Fahrt abgelegt hat, ist ein \u00d8vstedal bei Gjendeb\u00e5tene am Ruder.\" \/>\n<meta name=\"robots\" content=\"index, follow, max-snippet:-1, max-image-preview:large, max-video-preview:-1\" \/>\n<link rel=\"canonical\" href=\"https:\/\/gjende.no\/om-oss\/\" \/>\n<meta property=\"og:locale\" content=\"de_DE\" \/>\n<meta property=\"og:type\" content=\"article\" \/>\n<meta property=\"og:title\" content=\"Familienbetrieb seit \u00fcber 100 Jahren - Gjendeb\u00e5tene\" \/>\n<meta property=\"og:description\" content=\"Seitdem Ole \u00d8vstedal am 1. Juli 1906 zu seiner ersten Fahrt abgelegt hat, ist ein \u00d8vstedal bei Gjendeb\u00e5tene am Ruder.\" \/>\n<meta property=\"og:url\" content=\"https:\/\/gjende.no\/om-oss\/\" \/>\n<meta property=\"og:site_name\" content=\"Gjendeb\u00e5tene\" \/>\n<meta property=\"article:modified_time\" content=\"2022-09-03T14:12:46+00:00\" \/>\n<meta property=\"og:image\" content=\"https:\/\/gjende.no\/wp-content\/uploads\/2021\/01\/harald-rune-ovstedal-gjendebatene.jpg\" \/>\n\t<meta property=\"og:image:width\" content=\"1900\" \/>\n\t<meta property=\"og:image:height\" content=\"1267\" \/>\n\t<meta property=\"og:image:type\" content=\"image\/jpeg\" \/>\n<meta name=\"twitter:card\" content=\"summary_large_image\" \/>\n<meta name=\"twitter:label1\" content=\"Est. reading time\" \/>\n\t<meta name=\"twitter:data1\" content=\"1 minute\" \/>\n<script type=\"application\/ld+json\" class=\"yoast-schema-graph\">{\"@context\":\"https:\\\/\\\/schema.org\",\"@graph\":[{\"@type\":\"WebPage\",\"@id\":\"https:\\\/\\\/gjende.no\\\/om-oss\\\/\",\"url\":\"https:\\\/\\\/gjende.no\\\/om-oss\\\/\",\"name\":\"Familienbetrieb seit \u00fcber 100 Jahren - Gjendeb\u00e5tene\",\"isPartOf\":{\"@id\":\"https:\\\/\\\/gjende.no\\\/#website\"},\"primaryImageOfPage\":{\"@id\":\"https:\\\/\\\/gjende.no\\\/om-oss\\\/#primaryimage\"},\"image\":{\"@id\":\"https:\\\/\\\/gjende.no\\\/om-oss\\\/#primaryimage\"},\"thumbnailUrl\":\"https:\\\/\\\/gjende.no\\\/wp-content\\\/uploads\\\/2021\\\/01\\\/harald-rune-ovstedal-gjendebatene.jpg\",\"datePublished\":\"2017-02-15T06:59:06+00:00\",\"dateModified\":\"2022-09-03T14:12:46+00:00\",\"description\":\"Seitdem Ole \u00d8vstedal am 1. Juli 1906 zu seiner ersten Fahrt abgelegt hat, ist ein \u00d8vstedal bei Gjendeb\u00e5tene am Ruder.\",\"breadcrumb\":{\"@id\":\"https:\\\/\\\/gjende.no\\\/om-oss\\\/#breadcrumb\"},\"inLanguage\":\"de-DE\",\"potentialAction\":[{\"@type\":\"ReadAction\",\"target\":[\"https:\\\/\\\/gjende.no\\\/om-oss\\\/\"]}]},{\"@type\":\"ImageObject\",\"inLanguage\":\"de-DE\",\"@id\":\"https:\\\/\\\/gjende.no\\\/om-oss\\\/#primaryimage\",\"url\":\"https:\\\/\\\/gjende.no\\\/wp-content\\\/uploads\\\/2021\\\/01\\\/harald-rune-ovstedal-gjendebatene.jpg\",\"contentUrl\":\"https:\\\/\\\/gjende.no\\\/wp-content\\\/uploads\\\/2021\\\/01\\\/harald-rune-ovstedal-gjendebatene.jpg\",\"width\":1900,\"height\":1267,\"caption\":\"Harald Rune \u00d8vstedal i b\u00e5t over Gjende\"},{\"@type\":\"BreadcrumbList\",\"@id\":\"https:\\\/\\\/gjende.no\\\/om-oss\\\/#breadcrumb\",\"itemListElement\":[{\"@type\":\"ListItem\",\"position\":1,\"name\":\"Hjem\",\"item\":\"https:\\\/\\\/gjende.no\\\/de\\\/\"},{\"@type\":\"ListItem\",\"position\":2,\"name\":\"Familienbetrieb seit \u00fcber 100 Jahren\"}]},{\"@type\":\"WebSite\",\"@id\":\"https:\\\/\\\/gjende.no\\\/#website\",\"url\":\"https:\\\/\\\/gjende.no\\\/\",\"name\":\"Gjendeb\u00e5tene\",\"description\":\"Velkommen til Gjende og Jotunheimen\",\"potentialAction\":[{\"@type\":\"SearchAction\",\"target\":{\"@type\":\"EntryPoint\",\"urlTemplate\":\"https:\\\/\\\/gjende.no\\\/?s={search_term_string}\"},\"query-input\":{\"@type\":\"PropertyValueSpecification\",\"valueRequired\":true,\"valueName\":\"search_term_string\"}}],\"inLanguage\":\"de-DE\"}]}<\/script>\n<!-- \/ Yoast SEO plugin. -->","yoast_head_json":{"title":"Familienbetrieb seit \u00fcber 100 Jahren - Gjendeb\u00e5tene","description":"Seitdem Ole \u00d8vstedal am 1. Juli 1906 zu seiner ersten Fahrt abgelegt hat, ist ein \u00d8vstedal bei Gjendeb\u00e5tene am Ruder.","robots":{"index":"index","follow":"follow","max-snippet":"max-snippet:-1","max-image-preview":"max-image-preview:large","max-video-preview":"max-video-preview:-1"},"canonical":"https:\/\/gjende.no\/om-oss\/","og_locale":"de_DE","og_type":"article","og_title":"Familienbetrieb seit \u00fcber 100 Jahren - Gjendeb\u00e5tene","og_description":"Seitdem Ole \u00d8vstedal am 1. Juli 1906 zu seiner ersten Fahrt abgelegt hat, ist ein \u00d8vstedal bei Gjendeb\u00e5tene am Ruder.","og_url":"https:\/\/gjende.no\/om-oss\/","og_site_name":"Gjendeb\u00e5tene","article_modified_time":"2022-09-03T14:12:46+00:00","og_image":[{"width":1900,"height":1267,"url":"https:\/\/gjende.no\/wp-content\/uploads\/2021\/01\/harald-rune-ovstedal-gjendebatene.jpg","type":"image\/jpeg"}],"twitter_card":"summary_large_image","twitter_misc":{"Est. reading time":"1 minute"},"schema":{"@context":"https:\/\/schema.org","@graph":[{"@type":"WebPage","@id":"https:\/\/gjende.no\/om-oss\/","url":"https:\/\/gjende.no\/om-oss\/","name":"Familienbetrieb seit \u00fcber 100 Jahren - Gjendeb\u00e5tene","isPartOf":{"@id":"https:\/\/gjende.no\/#website"},"primaryImageOfPage":{"@id":"https:\/\/gjende.no\/om-oss\/#primaryimage"},"image":{"@id":"https:\/\/gjende.no\/om-oss\/#primaryimage"},"thumbnailUrl":"https:\/\/gjende.no\/wp-content\/uploads\/2021\/01\/harald-rune-ovstedal-gjendebatene.jpg","datePublished":"2017-02-15T06:59:06+00:00","dateModified":"2022-09-03T14:12:46+00:00","description":"Seitdem Ole \u00d8vstedal am 1. Juli 1906 zu seiner ersten Fahrt abgelegt hat, ist ein \u00d8vstedal bei Gjendeb\u00e5tene am Ruder.","breadcrumb":{"@id":"https:\/\/gjende.no\/om-oss\/#breadcrumb"},"inLanguage":"de-DE","potentialAction":[{"@type":"ReadAction","target":["https:\/\/gjende.no\/om-oss\/"]}]},{"@type":"ImageObject","inLanguage":"de-DE","@id":"https:\/\/gjende.no\/om-oss\/#primaryimage","url":"https:\/\/gjende.no\/wp-content\/uploads\/2021\/01\/harald-rune-ovstedal-gjendebatene.jpg","contentUrl":"https:\/\/gjende.no\/wp-content\/uploads\/2021\/01\/harald-rune-ovstedal-gjendebatene.jpg","width":1900,"height":1267,"caption":"Harald Rune \u00d8vstedal i b\u00e5t over Gjende"},{"@type":"BreadcrumbList","@id":"https:\/\/gjende.no\/om-oss\/#breadcrumb","itemListElement":[{"@type":"ListItem","position":1,"name":"Hjem","item":"https:\/\/gjende.no\/de\/"},{"@type":"ListItem","position":2,"name":"Familienbetrieb seit \u00fcber 100 Jahren"}]},{"@type":"WebSite","@id":"https:\/\/gjende.no\/#website","url":"https:\/\/gjende.no\/","name":"Gjendeb\u00e5tene","description":"Velkommen til Gjende og Jotunheimen","potentialAction":[{"@type":"SearchAction","target":{"@type":"EntryPoint","urlTemplate":"https:\/\/gjende.no\/?s={search_term_string}"},"query-input":{"@type":"PropertyValueSpecification","valueRequired":true,"valueName":"search_term_string"}}],"inLanguage":"de-DE"}]}},"_links":{"self":[{"href":"https:\/\/gjende.no\/de\/wp-json\/wp\/v2\/pages\/12379","targetHints":{"allow":["GET"]}}],"collection":[{"href":"https:\/\/gjende.no\/de\/wp-json\/wp\/v2\/pages"}],"about":[{"href":"https:\/\/gjende.no\/de\/wp-json\/wp\/v2\/types\/page"}],"author":[{"embeddable":true,"href":"https:\/\/gjende.no\/de\/wp-json\/wp\/v2\/users\/1"}],"replies":[{"embeddable":true,"href":"https:\/\/gjende.no\/de\/wp-json\/wp\/v2\/comments?post=12379"}],"version-history":[{"count":0,"href":"https:\/\/gjende.no\/de\/wp-json\/wp\/v2\/pages\/12379\/revisions"}],"wp:featuredmedia":[{"embeddable":true,"href":"https:\/\/gjende.no\/de\/wp-json\/wp\/v2\/media\/129730"}],"wp:attachment":[{"href":"https:\/\/gjende.no\/de\/wp-json\/wp\/v2\/media?parent=12379"}],"curies":[{"name":"wp","href":"https:\/\/api.w.org\/{rel}","templated":true}]}}