{"id":12496,"date":"2017-02-20T21:01:56","date_gmt":"2017-02-20T20:01:56","guid":{"rendered":"https:\/\/dev.gjende.no\/?page_id=12496\/"},"modified":"2018-02-07T16:02:27","modified_gmt":"2018-02-07T15:02:27","slug":"wanderung-ueber-den-besseggengrat-mit-bergfuehrer","status":"publish","type":"page","link":"https:\/\/gjende.no\/de\/fuhrungen-pauschal-und-gruppenangebote\/wanderung-ueber-den-besseggengrat-mit-bergfuehrer\/","title":{"rendered":"Wanderung \u00fcber den Besseggengrat mit Bergf\u00fchrer"},"content":{"rendered":"<p style=\"text-align: left;\">Das Team von Gjendeguiden AS\u00a0bringt Sie sicher \u00fcber den Besseggengrat und motiviert Sie, falls es n\u00f6tig sein sollte. Das Team zeigt Ihnen, wo Sie die beeindruckendsten Fotos f\u00fcr Ihre Freunde machen k\u00f6nnen, und l\u00e4sst Ihnen Zeit, um die Aussicht \u00fcber die Gjendealpene-Region ausgiebig zu genie\u00dfen.<\/p>\n<p>Machen Sie Ihre Tour \u00fcber den Besseggengrat zu einem Erlebnis, das Ihnen im Ged\u00e4chtnis bleibt \u2013 mit einem Experten, der Ihnen dabei hilft, Ihre Bergtour noch interessanter zu gestalten.<\/p>\n<p><strong>Info<\/strong><\/p>\n<ul>\n<li>Verbindliche Anmeldung<\/li>\n<li>Platzgarantie f\u00fcr die erste Abfahrt<\/li>\n<\/ul>\n","protected":false},"excerpt":{"rendered":"<p>Das Team von Gjendeguiden AS\u00a0bringt Sie sicher \u00fcber den Besseggengrat und motiviert Sie, falls es n\u00f6tig sein sollte. Das Team zeigt Ihnen, wo Sie die beeindruckendsten Fotos f\u00fcr Ihre Freunde machen k\u00f6nnen, und l\u00e4sst Ihnen Zeit, um die Aussicht \u00fcber die Gjendealpene-Region ausgiebig zu genie\u00dfen. Machen Sie Ihre Tour \u00fcber den Besseggengrat zu einem Erlebnis, [&hellip;]<\/p>\n","protected":false},"author":1,"featured_media":129745,"parent":12492,"menu_order":0,"comment_status":"open","ping_status":"open","template":"","meta":{"_acf_changed":false,"footnotes":""},"class_list":["post-12496","page","type-page","status-publish","has-post-thumbnail","hentry"],"acf":[],"yoast_head":"<!-- This site is optimized with the Yoast SEO plugin v27.3 - https:\/\/yoast.com\/product\/yoast-seo-wordpress\/ -->\n<title>Wanderung \u00fcber den Besseggengrat mit Bergf\u00fchrer - Gjendeb\u00e5tene<\/title>\n<meta name=\"robots\" content=\"index, follow, max-snippet:-1, max-image-preview:large, max-video-preview:-1\" \/>\n<link rel=\"canonical\" href=\"https:\/\/gjende.no\/de\/fuhrungen-pauschal-und-gruppenangebote\/wanderung-ueber-den-besseggengrat-mit-bergfuehrer\/\" \/>\n<meta property=\"og:locale\" content=\"de_DE\" \/>\n<meta property=\"og:type\" content=\"article\" \/>\n<meta property=\"og:title\" content=\"Wanderung \u00fcber den Besseggengrat mit Bergf\u00fchrer - Gjendeb\u00e5tene\" \/>\n<meta property=\"og:description\" content=\"Das Team von Gjendeguiden AS\u00a0bringt Sie sicher \u00fcber den Besseggengrat und motiviert Sie, falls es n\u00f6tig sein sollte. Das Team zeigt Ihnen, wo Sie die beeindruckendsten Fotos f\u00fcr Ihre Freunde machen k\u00f6nnen, und l\u00e4sst Ihnen Zeit, um die Aussicht \u00fcber die Gjendealpene-Region ausgiebig zu genie\u00dfen. Machen Sie Ihre Tour \u00fcber den Besseggengrat zu einem Erlebnis, [&hellip;]\" \/>\n<meta property=\"og:url\" content=\"https:\/\/gjende.no\/de\/fuhrungen-pauschal-und-gruppenangebote\/wanderung-ueber-den-besseggengrat-mit-bergfuehrer\/\" \/>\n<meta property=\"og:site_name\" content=\"Gjendeb\u00e5tene\" \/>\n<meta property=\"article:modified_time\" content=\"2018-02-07T15:02:27+00:00\" \/>\n<meta property=\"og:image\" content=\"https:\/\/gjende.no\/wp-content\/uploads\/2021\/01\/turfolge-som-skal-ga-besseggen.jpg\" \/>\n\t<meta property=\"og:image:width\" content=\"2000\" \/>\n\t<meta property=\"og:image:height\" content=\"1333\" \/>\n\t<meta property=\"og:image:type\" content=\"image\/jpeg\" \/>\n<meta name=\"twitter:card\" content=\"summary_large_image\" \/>\n<script type=\"application\/ld+json\" class=\"yoast-schema-graph\">{\"@context\":\"https:\\\/\\\/schema.org\",\"@graph\":[{\"@type\":\"WebPage\",\"@id\":\"https:\\\/\\\/gjende.no\\\/de\\\/fuhrungen-pauschal-und-gruppenangebote\\\/wanderung-ueber-den-besseggengrat-mit-bergfuehrer\\\/\",\"url\":\"https:\\\/\\\/gjende.no\\\/de\\\/fuhrungen-pauschal-und-gruppenangebote\\\/wanderung-ueber-den-besseggengrat-mit-bergfuehrer\\\/\",\"name\":\"Wanderung \u00fcber den Besseggengrat mit Bergf\u00fchrer - Gjendeb\u00e5tene\",\"isPartOf\":{\"@id\":\"https:\\\/\\\/gjende.no\\\/#website\"},\"primaryImageOfPage\":{\"@id\":\"https:\\\/\\\/gjende.no\\\/de\\\/fuhrungen-pauschal-und-gruppenangebote\\\/wanderung-ueber-den-besseggengrat-mit-bergfuehrer\\\/#primaryimage\"},\"image\":{\"@id\":\"https:\\\/\\\/gjende.no\\\/de\\\/fuhrungen-pauschal-und-gruppenangebote\\\/wanderung-ueber-den-besseggengrat-mit-bergfuehrer\\\/#primaryimage\"},\"thumbnailUrl\":\"https:\\\/\\\/gjende.no\\\/wp-content\\\/uploads\\\/2021\\\/01\\\/turfolge-som-skal-ga-besseggen.jpg\",\"datePublished\":\"2017-02-20T20:01:56+00:00\",\"dateModified\":\"2018-02-07T15:02:27+00:00\",\"breadcrumb\":{\"@id\":\"https:\\\/\\\/gjende.no\\\/de\\\/fuhrungen-pauschal-und-gruppenangebote\\\/wanderung-ueber-den-besseggengrat-mit-bergfuehrer\\\/#breadcrumb\"},\"inLanguage\":\"de-DE\",\"potentialAction\":[{\"@type\":\"ReadAction\",\"target\":[\"https:\\\/\\\/gjende.no\\\/de\\\/fuhrungen-pauschal-und-gruppenangebote\\\/wanderung-ueber-den-besseggengrat-mit-bergfuehrer\\\/\"]}]},{\"@type\":\"ImageObject\",\"inLanguage\":\"de-DE\",\"@id\":\"https:\\\/\\\/gjende.no\\\/de\\\/fuhrungen-pauschal-und-gruppenangebote\\\/wanderung-ueber-den-besseggengrat-mit-bergfuehrer\\\/#primaryimage\",\"url\":\"https:\\\/\\\/gjende.no\\\/wp-content\\\/uploads\\\/2021\\\/01\\\/turfolge-som-skal-ga-besseggen.jpg\",\"contentUrl\":\"https:\\\/\\\/gjende.no\\\/wp-content\\\/uploads\\\/2021\\\/01\\\/turfolge-som-skal-ga-besseggen.jpg\",\"width\":2000,\"height\":1333,\"caption\":\"glade fjellfolk som skal g\u00e5 tur over besseggen\"},{\"@type\":\"BreadcrumbList\",\"@id\":\"https:\\\/\\\/gjende.no\\\/de\\\/fuhrungen-pauschal-und-gruppenangebote\\\/wanderung-ueber-den-besseggengrat-mit-bergfuehrer\\\/#breadcrumb\",\"itemListElement\":[{\"@type\":\"ListItem\",\"position\":1,\"name\":\"Hjem\",\"item\":\"https:\\\/\\\/gjende.no\\\/de\\\/\"},{\"@type\":\"ListItem\",\"position\":2,\"name\":\"F\u00fchrungen, Pauschal- und Gruppenangebote\",\"item\":\"https:\\\/\\\/gjende.no\\\/pakketilbud-firmaturer\\\/\"},{\"@type\":\"ListItem\",\"position\":3,\"name\":\"Wanderung \u00fcber den Besseggengrat mit Bergf\u00fchrer\"}]},{\"@type\":\"WebSite\",\"@id\":\"https:\\\/\\\/gjende.no\\\/#website\",\"url\":\"https:\\\/\\\/gjende.no\\\/\",\"name\":\"Gjendeb\u00e5tene\",\"description\":\"Velkommen til Gjende og Jotunheimen\",\"potentialAction\":[{\"@type\":\"SearchAction\",\"target\":{\"@type\":\"EntryPoint\",\"urlTemplate\":\"https:\\\/\\\/gjende.no\\\/?s={search_term_string}\"},\"query-input\":{\"@type\":\"PropertyValueSpecification\",\"valueRequired\":true,\"valueName\":\"search_term_string\"}}],\"inLanguage\":\"de-DE\"}]}<\/script>\n<!-- \/ Yoast SEO plugin. -->","yoast_head_json":{"title":"Wanderung \u00fcber den Besseggengrat mit Bergf\u00fchrer - Gjendeb\u00e5tene","robots":{"index":"index","follow":"follow","max-snippet":"max-snippet:-1","max-image-preview":"max-image-preview:large","max-video-preview":"max-video-preview:-1"},"canonical":"https:\/\/gjende.no\/de\/fuhrungen-pauschal-und-gruppenangebote\/wanderung-ueber-den-besseggengrat-mit-bergfuehrer\/","og_locale":"de_DE","og_type":"article","og_title":"Wanderung \u00fcber den Besseggengrat mit Bergf\u00fchrer - Gjendeb\u00e5tene","og_description":"Das Team von Gjendeguiden AS\u00a0bringt Sie sicher \u00fcber den Besseggengrat und motiviert Sie, falls es n\u00f6tig sein sollte. Das Team zeigt Ihnen, wo Sie die beeindruckendsten Fotos f\u00fcr Ihre Freunde machen k\u00f6nnen, und l\u00e4sst Ihnen Zeit, um die Aussicht \u00fcber die Gjendealpene-Region ausgiebig zu genie\u00dfen. Machen Sie Ihre Tour \u00fcber den Besseggengrat zu einem Erlebnis, [&hellip;]","og_url":"https:\/\/gjende.no\/de\/fuhrungen-pauschal-und-gruppenangebote\/wanderung-ueber-den-besseggengrat-mit-bergfuehrer\/","og_site_name":"Gjendeb\u00e5tene","article_modified_time":"2018-02-07T15:02:27+00:00","og_image":[{"width":2000,"height":1333,"url":"https:\/\/gjende.no\/wp-content\/uploads\/2021\/01\/turfolge-som-skal-ga-besseggen.jpg","type":"image\/jpeg"}],"twitter_card":"summary_large_image","schema":{"@context":"https:\/\/schema.org","@graph":[{"@type":"WebPage","@id":"https:\/\/gjende.no\/de\/fuhrungen-pauschal-und-gruppenangebote\/wanderung-ueber-den-besseggengrat-mit-bergfuehrer\/","url":"https:\/\/gjende.no\/de\/fuhrungen-pauschal-und-gruppenangebote\/wanderung-ueber-den-besseggengrat-mit-bergfuehrer\/","name":"Wanderung \u00fcber den Besseggengrat mit Bergf\u00fchrer - Gjendeb\u00e5tene","isPartOf":{"@id":"https:\/\/gjende.no\/#website"},"primaryImageOfPage":{"@id":"https:\/\/gjende.no\/de\/fuhrungen-pauschal-und-gruppenangebote\/wanderung-ueber-den-besseggengrat-mit-bergfuehrer\/#primaryimage"},"image":{"@id":"https:\/\/gjende.no\/de\/fuhrungen-pauschal-und-gruppenangebote\/wanderung-ueber-den-besseggengrat-mit-bergfuehrer\/#primaryimage"},"thumbnailUrl":"https:\/\/gjende.no\/wp-content\/uploads\/2021\/01\/turfolge-som-skal-ga-besseggen.jpg","datePublished":"2017-02-20T20:01:56+00:00","dateModified":"2018-02-07T15:02:27+00:00","breadcrumb":{"@id":"https:\/\/gjende.no\/de\/fuhrungen-pauschal-und-gruppenangebote\/wanderung-ueber-den-besseggengrat-mit-bergfuehrer\/#breadcrumb"},"inLanguage":"de-DE","potentialAction":[{"@type":"ReadAction","target":["https:\/\/gjende.no\/de\/fuhrungen-pauschal-und-gruppenangebote\/wanderung-ueber-den-besseggengrat-mit-bergfuehrer\/"]}]},{"@type":"ImageObject","inLanguage":"de-DE","@id":"https:\/\/gjende.no\/de\/fuhrungen-pauschal-und-gruppenangebote\/wanderung-ueber-den-besseggengrat-mit-bergfuehrer\/#primaryimage","url":"https:\/\/gjende.no\/wp-content\/uploads\/2021\/01\/turfolge-som-skal-ga-besseggen.jpg","contentUrl":"https:\/\/gjende.no\/wp-content\/uploads\/2021\/01\/turfolge-som-skal-ga-besseggen.jpg","width":2000,"height":1333,"caption":"glade fjellfolk som skal g\u00e5 tur over besseggen"},{"@type":"BreadcrumbList","@id":"https:\/\/gjende.no\/de\/fuhrungen-pauschal-und-gruppenangebote\/wanderung-ueber-den-besseggengrat-mit-bergfuehrer\/#breadcrumb","itemListElement":[{"@type":"ListItem","position":1,"name":"Hjem","item":"https:\/\/gjende.no\/de\/"},{"@type":"ListItem","position":2,"name":"F\u00fchrungen, Pauschal- und Gruppenangebote","item":"https:\/\/gjende.no\/pakketilbud-firmaturer\/"},{"@type":"ListItem","position":3,"name":"Wanderung \u00fcber den Besseggengrat mit Bergf\u00fchrer"}]},{"@type":"WebSite","@id":"https:\/\/gjende.no\/#website","url":"https:\/\/gjende.no\/","name":"Gjendeb\u00e5tene","description":"Velkommen til Gjende og Jotunheimen","potentialAction":[{"@type":"SearchAction","target":{"@type":"EntryPoint","urlTemplate":"https:\/\/gjende.no\/?s={search_term_string}"},"query-input":{"@type":"PropertyValueSpecification","valueRequired":true,"valueName":"search_term_string"}}],"inLanguage":"de-DE"}]}},"_links":{"self":[{"href":"https:\/\/gjende.no\/de\/wp-json\/wp\/v2\/pages\/12496","targetHints":{"allow":["GET"]}}],"collection":[{"href":"https:\/\/gjende.no\/de\/wp-json\/wp\/v2\/pages"}],"about":[{"href":"https:\/\/gjende.no\/de\/wp-json\/wp\/v2\/types\/page"}],"author":[{"embeddable":true,"href":"https:\/\/gjende.no\/de\/wp-json\/wp\/v2\/users\/1"}],"replies":[{"embeddable":true,"href":"https:\/\/gjende.no\/de\/wp-json\/wp\/v2\/comments?post=12496"}],"version-history":[{"count":0,"href":"https:\/\/gjende.no\/de\/wp-json\/wp\/v2\/pages\/12496\/revisions"}],"up":[{"embeddable":true,"href":"https:\/\/gjende.no\/de\/wp-json\/wp\/v2\/pages\/12492"}],"wp:featuredmedia":[{"embeddable":true,"href":"https:\/\/gjende.no\/de\/wp-json\/wp\/v2\/media\/129745"}],"wp:attachment":[{"href":"https:\/\/gjende.no\/de\/wp-json\/wp\/v2\/media?parent=12496"}],"curies":[{"name":"wp","href":"https:\/\/api.w.org\/{rel}","templated":true}]}}